{"id":1117,"date":"2019-02-07T15:58:28","date_gmt":"2019-02-07T15:58:28","guid":{"rendered":"https:\/\/www.matradiagnosztika.hu\/?page_id=1117"},"modified":"2025-09-10T13:30:15","modified_gmt":"2025-09-10T11:30:15","slug":"contact-us","status":"publish","type":"page","link":"http:\/\/www.matradiagnosztika.com\/en\/contact-us\/","title":{"rendered":"Contact us"},"content":{"rendered":"<p>[et_pb_section fb_built=&#8221;1&#8243; fullwidth=&#8221;on&#8221; _builder_version=&#8221;3.19.6&#8243; top_divider_color=&#8221;#ffffff&#8221; bottom_divider_color=&#8221;#f1f1f1&#8243; bottom_divider_height=&#8221;50px&#8221; global_module=&#8221;1035&#8243; saved_tabs=&#8221;all&#8221; global_colors_info=&#8221;{}&#8221;][et_pb_fullwidth_header title=&#8221;M\u00e1tra-Diagnosztika Ltd.&#8221; text_orientation=&#8221;center&#8221; admin_label=&#8221;M\u00e1tra Diagnosztika Ltd.&#8221; _builder_version=&#8221;4.16&#8243; title_level=&#8221;h2&#8243; title_font=&#8221;|700|||||||&#8221; title_font_size=&#8221;40px&#8221; content_font=&#8221;|700||on|||||&#8221; content_font_size=&#8221;20px&#8221; content_letter_spacing=&#8221;1px&#8221; content_line_height=&#8221;1.5em&#8221; subhead_font=&#8221;|700||on|||||&#8221; subhead_letter_spacing=&#8221;1px&#8221; subhead_line_height=&#8221;1.5em&#8221; background_color=&#8221;rgba(0,0,0,0.6)&#8221; background_image=&#8221;https:\/\/www.matradiagnosztika.com\/wp-content\/uploads\/2019\/01\/manufactures-2906874_1920.jpg&#8221; background_blend=&#8221;overlay&#8221; title_font_size_tablet=&#8221;40px&#8221; title_font_size_phone=&#8221;30px&#8221; title_font_size_last_edited=&#8221;on|phone&#8221; global_colors_info=&#8221;{}&#8221;]<\/p>\n<p><img loading=\"lazy\" decoding=\"async\" class=\"wp-image-51 alignnone size-full\" src=\"https:\/\/www.matradiagnosztika.com\/wp-content\/uploads\/2019\/01\/logo-ikon.jpg\" alt=\"\" width=\"126\" height=\"84\" \/><\/p>\n<p><b>Destructive and Non-Destructive material testing<\/b><\/p>\n<p>[\/et_pb_fullwidth_header][\/et_pb_section][et_pb_section fb_built=&#8221;1&#8243; _builder_version=&#8221;4.16&#8243; background_image=&#8221;https:\/\/www.matradiagnosztika.com\/wp-content\/uploads\/2019\/01\/textured-background-5.png&#8221; custom_padding=&#8221;54px|0px|15px|0px|false|false&#8221; top_divider_height=&#8221;61px&#8221; bottom_divider_color=&#8221;#ffffff&#8221; border_width_bottom=&#8221;5px&#8221; border_color_bottom=&#8221;#079508&#8243; global_colors_info=&#8221;{}&#8221;][et_pb_row _builder_version=&#8221;4.16&#8243; border_color_bottom=&#8221;#079508&#8243; border_color_left=&#8221;#079508&#8243; global_colors_info=&#8221;{}&#8221;][et_pb_column type=&#8221;4_4&#8243; _builder_version=&#8221;4.16&#8243; custom_padding=&#8221;|||&#8221; global_colors_info=&#8221;{}&#8221; custom_padding__hover=&#8221;|||&#8221;][et_pb_text admin_label=&#8221;Contact us&#8221; _builder_version=&#8221;4.16&#8243; text_font=&#8221;||||||||&#8221; header_font=&#8221;Roboto Condensed|700||on|||||&#8221; header_2_font=&#8221;|700|||||||&#8221; header_2_font_size=&#8221;38px&#8221; text_orientation=&#8221;center&#8221; header_font_size_tablet=&#8221;&#8221; header_font_size_phone=&#8221;32px&#8221; header_font_size_last_edited=&#8221;on|phone&#8221; header_2_font_size_tablet=&#8221;38px&#8221; header_2_font_size_phone=&#8221;30px&#8221; header_2_font_size_last_edited=&#8221;on|phone&#8221; global_colors_info=&#8221;{}&#8221;]<\/p>\n<h1>Contact us<\/h1>\n<p>[\/et_pb_text][et_pb_divider divider_weight=&#8221;4px&#8221; _builder_version=&#8221;4.16&#8243; max_width=&#8221;100px&#8221; module_alignment=&#8221;center&#8221; global_colors_info=&#8221;{}&#8221;][\/et_pb_divider][\/et_pb_column][\/et_pb_row][et_pb_row _builder_version=&#8221;4.16&#8243; global_colors_info=&#8221;{}&#8221;][et_pb_column type=&#8221;4_4&#8243; _builder_version=&#8221;4.16&#8243; custom_padding=&#8221;|||&#8221; global_colors_info=&#8221;{}&#8221; custom_padding__hover=&#8221;|||&#8221;][et_pb_blurb title=&#8221;Szab\u00f3 Tivadar&#8221; image=&#8221;https:\/\/www.matradiagnosztika.com\/wp-content\/uploads\/2019\/01\/ugyvig.jpg&#8221; admin_label=&#8221;Szab\u00f3 Tivadar&#8221; _builder_version=&#8221;4.27.4&#8243; header_font=&#8221;|700|||||||&#8221; text_orientation=&#8221;center&#8221; animation=&#8221;off&#8221; hover_enabled=&#8221;0&#8243; global_colors_info=&#8221;{}&#8221; sticky_enabled=&#8221;0&#8243;]<\/p>\n<p>Executive Director<\/p>\n<p>Mob.: <a href=\"tel:+36209429111\" target=\"_blank\" rel=\"noopener\">+3620 9429 111<\/a><\/p>\n<p>E-mail: <a href=\"mailto:info@matradiagnosztika.com\">info@matradiagnosztika.com<\/a><\/p>\n<p>[\/et_pb_blurb][\/et_pb_column][\/et_pb_row][et_pb_row column_structure=&#8221;1_2,1_2&#8243; _builder_version=&#8221;4.16&#8243; custom_padding=&#8221;49px|0px|27px|0px|false|false&#8221; global_colors_info=&#8221;{}&#8221;][et_pb_column type=&#8221;1_2&#8243; _builder_version=&#8221;4.16&#8243; custom_padding=&#8221;|||&#8221; global_colors_info=&#8221;{}&#8221; custom_padding__hover=&#8221;|||&#8221;][et_pb_blurb title=&#8221;Domoszlai P\u00e9tern\u00e9&#8221; admin_label=&#8221;Domoszlai P\u00e9tern\u00e9&#8221; _builder_version=&#8221;4.27.4&#8243; header_font=&#8221;|700|||||||&#8221; text_orientation=&#8221;center&#8221; animation=&#8221;off&#8221; hover_enabled=&#8221;0&#8243; global_colors_info=&#8221;{}&#8221; sticky_enabled=&#8221;0&#8243;]Trading Service Co-ordinator<\/p>\n<p><span>Mob.: <a href=\"tel:+36208014475\" target=\"_blank\" rel=\"noopener\">+3620 8014 475<\/a><\/span><\/p>\n<p>E-mail: <a href=\"mailto:info@matradiagnosztika.com\" target=\"_blank\" rel=\"noopener noreferrer\">info@matradiagnosztika.com<\/a>[\/et_pb_blurb][\/et_pb_column][et_pb_column type=&#8221;1_2&#8243; _builder_version=&#8221;4.16&#8243; custom_padding=&#8221;|||&#8221; global_colors_info=&#8221;{}&#8221; custom_padding__hover=&#8221;|||&#8221;][et_pb_blurb title=&#8221;Gerh\u00e1t Nikoletta&#8221; admin_label=&#8221;Gerh\u00e1t Nikoletta&#8221; _builder_version=&#8221;4.27.4&#8243; header_font=&#8221;|700|||||||&#8221; text_orientation=&#8221;center&#8221; animation=&#8221;off&#8221; hover_enabled=&#8221;0&#8243; global_colors_info=&#8221;{}&#8221; sticky_enabled=&#8221;0&#8243;]Material Testing Administrator<\/p>\n<p><span>Mob.: <a href=\"tel:+36205311905\" target=\"_blank\" rel=\"noopener\">+3620 5311 905<\/a><\/span><\/p>\n<p>E-mail: <a href=\"mailto:info@matradiagnosztika.com\">info@matradiagnosztika.com<\/a>[\/et_pb_blurb][\/et_pb_column][\/et_pb_row][et_pb_row disabled_on=&#8221;off|off|off&#8221; _builder_version=&#8221;4.17.4&#8243; _module_preset=&#8221;default&#8221; max_width=&#8221;900px&#8221; custom_margin=&#8221;30px||||false|false&#8221; locked=&#8221;off&#8221; global_colors_info=&#8221;{}&#8221;][et_pb_column type=&#8221;4_4&#8243; _builder_version=&#8221;4.17.4&#8243; _module_preset=&#8221;default&#8221; global_colors_info=&#8221;{}&#8221;][et_pb_contact_form captcha=&#8221;off&#8221; email=&#8221;info@matradiagnosztika.com&#8221; title=&#8221;Write to us&#8221; custom_message=&#8221;Name: %%name%%||et_pb_line_break_holder||||et_pb_line_break_holder||Email: %%email%%||et_pb_line_break_holder||||et_pb_line_break_holder||Message:||et_pb_line_break_holder||||et_pb_line_break_holder||%%message%%||et_pb_line_break_holder||____||et_pb_line_break_holder||||et_pb_line_break_holder||Consent: %%gdpr%%||et_pb_line_break_holder||&#8221; use_redirect=&#8221;on&#8221; redirect_url=&#8221;https:\/\/www.matradiagnosztika.com\/en\/we-received-your-message\/&#8221; success_message=&#8221;The form was sent successfully.&#8221; submit_button_text=&#8221;Send message&#8221; disabled_on=&#8221;off|off|off&#8221; _builder_version=&#8221;4.27.0&#8243; _module_preset=&#8221;default&#8221; _unique_id=&#8221;495de15e-53d1-4bc8-9ada-b7c54ab40406&#8243; title_level=&#8221;h2&#8243; title_font=&#8221;|600|||||||&#8221; title_text_align=&#8221;center&#8221; custom_button=&#8221;on&#8221; button_text_color=&#8221;#FFFFFF&#8221; button_bg_color=&#8221;#079508&#8243; button_border_color=&#8221;#079508&#8243; global_colors_info=&#8221;{}&#8221;][et_pb_contact_field field_id=&#8221;Name&#8221; field_title=&#8221;Name*&#8221; _builder_version=&#8221;4.17.4&#8243; global_colors_info=&#8221;{}&#8221; button_text_size__hover_enabled=&#8221;off&#8221; button_one_text_size__hover_enabled=&#8221;off&#8221; button_two_text_size__hover_enabled=&#8221;off&#8221; button_text_color__hover_enabled=&#8221;off&#8221; button_one_text_color__hover_enabled=&#8221;off&#8221; button_two_text_color__hover_enabled=&#8221;off&#8221; button_border_width__hover_enabled=&#8221;off&#8221; button_one_border_width__hover_enabled=&#8221;off&#8221; button_two_border_width__hover_enabled=&#8221;off&#8221; button_border_color__hover_enabled=&#8221;off&#8221; button_one_border_color__hover_enabled=&#8221;off&#8221; button_two_border_color__hover_enabled=&#8221;off&#8221; button_border_radius__hover_enabled=&#8221;off&#8221; button_one_border_radius__hover_enabled=&#8221;off&#8221; button_two_border_radius__hover_enabled=&#8221;off&#8221; button_letter_spacing__hover_enabled=&#8221;off&#8221; button_one_letter_spacing__hover_enabled=&#8221;off&#8221; button_two_letter_spacing__hover_enabled=&#8221;off&#8221; button_bg_color__hover_enabled=&#8221;off&#8221; button_one_bg_color__hover_enabled=&#8221;off&#8221; button_two_bg_color__hover_enabled=&#8221;off&#8221;][\/et_pb_contact_field][et_pb_contact_field field_id=&#8221;Email&#8221; field_title=&#8221;Email*&#8221; field_type=&#8221;email&#8221; _builder_version=&#8221;4.17.4&#8243; global_colors_info=&#8221;{}&#8221; button_text_size__hover_enabled=&#8221;off&#8221; button_one_text_size__hover_enabled=&#8221;off&#8221; button_two_text_size__hover_enabled=&#8221;off&#8221; button_text_color__hover_enabled=&#8221;off&#8221; button_one_text_color__hover_enabled=&#8221;off&#8221; button_two_text_color__hover_enabled=&#8221;off&#8221; button_border_width__hover_enabled=&#8221;off&#8221; button_one_border_width__hover_enabled=&#8221;off&#8221; button_two_border_width__hover_enabled=&#8221;off&#8221; button_border_color__hover_enabled=&#8221;off&#8221; button_one_border_color__hover_enabled=&#8221;off&#8221; button_two_border_color__hover_enabled=&#8221;off&#8221; button_border_radius__hover_enabled=&#8221;off&#8221; button_one_border_radius__hover_enabled=&#8221;off&#8221; button_two_border_radius__hover_enabled=&#8221;off&#8221; button_letter_spacing__hover_enabled=&#8221;off&#8221; button_one_letter_spacing__hover_enabled=&#8221;off&#8221; button_two_letter_spacing__hover_enabled=&#8221;off&#8221; button_bg_color__hover_enabled=&#8221;off&#8221; button_one_bg_color__hover_enabled=&#8221;off&#8221; button_two_bg_color__hover_enabled=&#8221;off&#8221;][\/et_pb_contact_field][et_pb_contact_field field_id=&#8221;Message&#8221; field_title=&#8221;Message*&#8221; field_type=&#8221;text&#8221; fullwidth_field=&#8221;on&#8221; _builder_version=&#8221;4.17.4&#8243; global_colors_info=&#8221;{}&#8221; button_text_size__hover_enabled=&#8221;off&#8221; button_one_text_size__hover_enabled=&#8221;off&#8221; button_two_text_size__hover_enabled=&#8221;off&#8221; button_text_color__hover_enabled=&#8221;off&#8221; button_one_text_color__hover_enabled=&#8221;off&#8221; button_two_text_color__hover_enabled=&#8221;off&#8221; button_border_width__hover_enabled=&#8221;off&#8221; button_one_border_width__hover_enabled=&#8221;off&#8221; button_two_border_width__hover_enabled=&#8221;off&#8221; button_border_color__hover_enabled=&#8221;off&#8221; button_one_border_color__hover_enabled=&#8221;off&#8221; button_two_border_color__hover_enabled=&#8221;off&#8221; button_border_radius__hover_enabled=&#8221;off&#8221; button_one_border_radius__hover_enabled=&#8221;off&#8221; button_two_border_radius__hover_enabled=&#8221;off&#8221; button_letter_spacing__hover_enabled=&#8221;off&#8221; button_one_letter_spacing__hover_enabled=&#8221;off&#8221; button_two_letter_spacing__hover_enabled=&#8221;off&#8221; button_bg_color__hover_enabled=&#8221;off&#8221; button_one_bg_color__hover_enabled=&#8221;off&#8221; button_two_bg_color__hover_enabled=&#8221;off&#8221;][\/et_pb_contact_field][et_pb_contact_field field_id=&#8221;gdpr&#8221; field_title=&#8221;Privacy Policy&#8221; field_type=&#8221;checkbox&#8221; checkbox_options=&#8221;%91{%22value%22:%22 I agree to the %22,%22checked%22:0,%22dragID%22:-1,%22link_url%22:%22https:\/\/www.matradiagnosztika.com\/wp-content\/uploads\/2024\/07\/adatkezelesi-tajekoztato.pdf%22,%22link_text%22:%22Privacy policy%22}%93&#8243; fullwidth_field=&#8221;on&#8221; _builder_version=&#8221;4.27.0&#8243; _module_preset=&#8221;default&#8221; global_colors_info=&#8221;{}&#8221;][\/et_pb_contact_field][\/et_pb_contact_form][\/et_pb_column][\/et_pb_row][et_pb_row _builder_version=&#8221;4.16&#8243; custom_padding=&#8221;90px|0px|55px|0px|false|false&#8221; border_color_top=&#8221;#079508&#8243; border_color_bottom=&#8221;#079508&#8243; global_colors_info=&#8221;{}&#8221;][et_pb_column type=&#8221;4_4&#8243; _builder_version=&#8221;4.16&#8243; custom_padding=&#8221;|||&#8221; global_colors_info=&#8221;{}&#8221; custom_padding__hover=&#8221;|||&#8221;][et_pb_image src=&#8221;https:\/\/www.matradiagnosztika.com\/wp-content\/uploads\/2019\/01\/logo.jpg&#8221; align=&#8221;center&#8221; align_tablet=&#8221;center&#8221; align_phone=&#8221;center&#8221; align_last_edited=&#8221;on|desktop&#8221; _builder_version=&#8221;4.16&#8243; global_colors_info=&#8221;{}&#8221;][\/et_pb_image][\/et_pb_column][\/et_pb_row][\/et_pb_section][et_pb_section fb_built=&#8221;1&#8243; fullwidth=&#8221;on&#8221; _builder_version=&#8221;4.16&#8243; background_color=&#8221;rgba(0,0,0,0.1)&#8221; background_blend=&#8221;overlay&#8221; custom_margin=&#8221;||-10px&#8221; custom_padding=&#8221;0|0px|0px|0px|false|false&#8221; top_divider_color=&#8221;#ffffff&#8221; bottom_divider_color=&#8221;#ffffff&#8221; bottom_divider_height=&#8221;50px&#8221; border_width_top=&#8221;5px&#8221; border_color_top=&#8221;#000000&#8243; global_colors_info=&#8221;{}&#8221;][et_pb_fullwidth_code _builder_version=&#8221;4.16&#8243; background_blend=&#8221;overlay&#8221; filter_saturate=&#8221;69%&#8221; global_colors_info=&#8221;{}&#8221;]<iframe loading=\"lazy\" style=\"border: 0;\" src=\"https:\/\/www.google.com\/maps\/embed?pb=!1m14!1m8!1m3!1d10724.614306637788!2d19.922479!3d47.77847!3m2!1i1024!2i768!4f13.1!3m3!1m2!1s0x0%3A0xb0f63723e8f44e51!2sM%C3%A1tra+Diagnosztika+Kft.!5e0!3m2!1shu!2shu!4v1546957450852\" width=\"100%\" height=\"550\" frameborder=\"0\" allowfullscreen=\"allowfullscreen\" data-mce-fragment=\"1\"><\/iframe>[\/et_pb_fullwidth_code][\/et_pb_section]<\/p>\n","protected":false},"excerpt":{"rendered":"<p>Destructive and Non-Destructive material testingContact usExecutive Director Mob.: +3620 9429 111 E-mail: info@matradiagnosztika.comTrading Service Co-ordinator Mob.: +3620 8014 475 E-mail: info@matradiagnosztika.comMaterial Testing Administrator Mob.: +3620 5311 905 E-mail: info@matradiagnosztika.com<\/p>\n","protected":false},"author":1,"featured_media":0,"parent":0,"menu_order":0,"comment_status":"closed","ping_status":"closed","template":"","meta":{"_et_pb_use_builder":"on","_et_pb_old_content":"","_et_gb_content_width":"","footnotes":""},"class_list":["post-1117","page","type-page","status-publish","hentry"],"_links":{"self":[{"href":"http:\/\/www.matradiagnosztika.com\/en\/wp-json\/wp\/v2\/pages\/1117","targetHints":{"allow":["GET"]}}],"collection":[{"href":"http:\/\/www.matradiagnosztika.com\/en\/wp-json\/wp\/v2\/pages"}],"about":[{"href":"http:\/\/www.matradiagnosztika.com\/en\/wp-json\/wp\/v2\/types\/page"}],"author":[{"embeddable":true,"href":"http:\/\/www.matradiagnosztika.com\/en\/wp-json\/wp\/v2\/users\/1"}],"replies":[{"embeddable":true,"href":"http:\/\/www.matradiagnosztika.com\/en\/wp-json\/wp\/v2\/comments?post=1117"}],"version-history":[{"count":0,"href":"http:\/\/www.matradiagnosztika.com\/en\/wp-json\/wp\/v2\/pages\/1117\/revisions"}],"wp:attachment":[{"href":"http:\/\/www.matradiagnosztika.com\/en\/wp-json\/wp\/v2\/media?parent=1117"}],"curies":[{"name":"wp","href":"https:\/\/api.w.org\/{rel}","templated":true}]}}